{"id":7,"date":"2016-04-13T08:33:31","date_gmt":"2016-04-13T08:33:31","guid":{"rendered":"http:\/\/www.newlifeukraine.com\/?page_id=7"},"modified":"2024-10-03T17:18:29","modified_gmt":"2024-10-03T17:18:29","slug":"home","status":"publish","type":"page","link":"https:\/\/www.newlifeukraine.com\/es\/","title":{"rendered":"Home"},"content":{"rendered":"<p>[it-slider]<\/p>\n<div class=\"bg-secondary nl-notice\">\n<div class=\"container\">\n<div class=\"row\">\n<div class=\"col-md-12 pb-2 pt-3 text-center\">\n<h2 class=\"no-margin-top\">LOS REPRESENTANTES DE NEW LIFE PUEDEN VIAJAR<\/h2>\n<p>a su pa\u00eds de residencia para agendar encuentros cara a cara para ofrecerles m\u00e1s detalles de los programas que ustedes desean realizar con nosotros. Por favor, cont\u00e1ctese con nosotros para solicitar una reuni\u00f3n a trav\u00e9s del correo :<\/p>\n<h3 class=\"no-margin-bottom\"><a href=\"mailto:tamari@newlifegeorgia.com\">tamari@newlifegeorgia.com<\/a><\/h3>\n<\/div>\n<\/div>\n<\/div>\n<\/div>\n<div class=\"container\">\n<div class=\"row\">\n<div class=\"col-md-12\">\n<div class=\"row\">\n<div class=\"col-md-4 p-3 text-center\">\n<img decoding=\"async\" class=\"img-fluid\" src=\"\/wp-content\/uploads\/2018\/02\/exceptional-surrogate-care-ukraine-.jpg\" alt=\"\"><\/p>\n<h3>Cuidado excepcional a las gestantes<\/h3>\n<p>\nCuidamos al m\u00e1ximo de nuestras gestantes. Ellas son el pilar de todo el proceso de gestaci\u00f3n subrogada y tratamos de hacerlas sentir valoradas y cuidadas en todo momento. Cuentan no s\u00f3lo con seguimiento m\u00e9dico sino con apoyo psicol\u00f3gico durante el proceso. Una atenci\u00f3n excepcional que redunda en el bienestar del beb\u00e9.\n<\/p>\n<\/div>\n<div class=\"col-md-4 p-3 text-center\">\n<img decoding=\"async\" class=\"img-fluid\" src=\"\/wp-content\/uploads\/2018\/02\/guaranteed-baby-programs-ukraine.jpg\" alt=\"Guaranteed surrogacy baby\"><\/p>\n<h3>Programas garantizados<\/h3>\n<p>\nLa mayor\u00eda de padres encuentra muy tranquilizador poder optar a un programa que les asegura que acabar\u00e1n siendo pap\u00e1s sin tener que abonar nada por los intentos que esto pueda requerir. Adem\u00e1s, en el remoto caso de necesitar m\u00e1s de 3 FIVs la cuarta y subsiguientes hasta que se consiga el embarazo no tendr\u00e1n coste alguno para los padres.\u00a0 <\/p>\n<\/div>\n<div class=\"col-md-4 p-3 text-center\">\n<img decoding=\"async\" class=\"img-fluid\" src=\"\/wp-content\/uploads\/2018\/02\/free-extra-services-ukraine.jpg\" alt=\"free extra surrogacy services\"><\/p>\n<h3>Atenciones de cortes\u00eda<\/h3>\n<p>\nServicios gratuitos de recogida en aeropuerto, traducci\u00f3n y muchas otras atenciones especiales para quienes nos eligen. Adem\u00e1s concertamos encuentros en persona en su ciudad para explicarles todos los detalles de nuestros tratamientos. <\/p>\n<\/div>\n<\/div>\n<\/div>\n<\/div>\n<\/div>\n<div class=\"bg-secondary nl-notice\">\n<div class=\"container\">\n<div class=\"row\">\n<div class=\"col-md-12 pb-2 pt-3 text-center\">\n<h3 class=\"no-margin-top\">Los n\u00fameros no mienten <\/h3>\n<p>A pesar de que hay 34 cl\u00ednicas homologadas para FIV en Ucrania y un n\u00famero a\u00fan mayor de agencias en Ucrania, los beb\u00e9s nacidos por tratamientos en New Life Ucrania suponen un 31% de los beb\u00e9s nacidos por subrogaci\u00f3n registrados en el Registro P\u00fablico de Ucrania.\n<\/p><\/div>\n<\/div>\n<\/div>\n<\/div>\n<div class=\"container\">\n<div class=\"col-md-12\">\n<div class=\"row\">\n<div class=\"col-md-7 pt-4\">\n<h3 class=\"upper \">Bienvenido a  <span class=\"text-secondary\">New Life Ucrania<\/span><\/h3>\n<p class=\"text-justify\">\nAntes que nada, nos gustar\u00eda expresar nuestra gratitud a aquellos que han optado por nosotros. Nuestra  cl\u00ednica en Ucrania fue una de las primeras de la Red Global de New Life. Esta cuenta en su haber con centros de fecundaci\u00f3n in vitro y agencias de gestaci\u00f3n subrogada y donaci\u00f3n de \u00f3vulos que operan con \u00e9xito en 9 pa\u00edses con una visi\u00f3n y objetivos comunes. <\/p>\n<p>\u00bfQu\u00e9 hace que nuestro servicio sea excepcional? <\/p>\n<p>Nuestra larga lista de prioridades consta no s\u00f3lo de capacidad de organizaci\u00f3n y trato individualizado que se adecua a las necesidades y expectativas de cada padre y madre de intenci\u00f3n. La flexibilidad de nuestros programas y nuestras opciones garantizadas sin l\u00edmite de intentos se entremezclan con nuestro cuidado genuino y la empat\u00eda de nuestro equipo de profesionales.<\/p>\n<p><a href=\"\/es\/agencia-de-subrogacion-y-donacion-de-ovulos\/\"> leer m\u00e1s <\/a>\n<\/p>\n<\/div>\n<div class=\"col-md-5 p-4\">\n[video-testimonials]\n<\/div>\n<\/div>\n<\/div>\n<\/div>\n<div class=\"bg-lightgray\">\n<div class=\"container\">\n<div class=\"row\">\n<div class=\"row p-3\">\n<div class=\"col-md-4\">\n<h3>Familias completes  <br \/><span class=\"text-secondary\">de 73 pa\u00edses <\/span><\/h3>\n<p>En New Life hemos ayudado a parejas de 73 pa\u00edses a tener a sus beb\u00e9s. Ello nos ha granjeado un detallado conocimiento del papeleo requerido por la mayor\u00eda de consulados. Nuestras coordinadoras de atenci\u00f3n a los padres tras el nacimiento les ayudar\u00e1n a gestionar toda la documentaci\u00f3n necesaria para que puedan volver a casa con su beb\u00e9 lo antes posible.<\/p>\n<h3>Hable con padres que  <br \/><span class=\"text-secondary\">han\u00a0tenido a su beb\u00e9 con New Life<\/span><\/h3>\n<p>Trabajamos con un sistema de referencias internas. P\u00eddanoslo y le pondremos en contacto con una pareja que ya haya tenido con nosotros a su beb\u00e9 para que sean ellos quienes les expliquen c\u00f3mo trabajamos.\n<\/p>\n<\/div>\n<div class=\"col-md-8 border-start border-warning\">\n<div class=\"row\">\n<div class=\"col-md-8\">\n<h3 class=\"upper\">ES UN PLACER DARLE\u00a0LA BIENVENIDA A <span class=\"text-secondary\">NEW LIFE<\/span><\/h3>\n<p>Me gustar\u00eda darle las gracias por depositar en nosotros su confianza. De coraz\u00f3n creo que toda persona responsable merece la oportunidad de disfrutar de la experiencia de tener una familia. Probablemente usted ya ha pasado por muchos intentos fallidos de tener un hijo. El viaje a la maternidad subrogada est\u00e1 plagado de dudas y emociones muy intensas. Por experiencia propia puedo decirles que \u00a1es demasiado pronto para rendirse! Antes de convertirme en mam\u00e1 tuve que pasar por un calvario de 11 fecundaciones in vitro fallidas, endometriosis y cuatro operaciones. De tanto esfuerzo s\u00f3lo conseguimos un embarazo ect\u00f3pico. Finalmente nos qued\u00f3 claro que la maternidad subrogada era nuestra \u00fanica salida. Con la ayuda de dos gestantes maravillosas en 2011 mi marido y yo vimos cumplido nuestro sue\u00f1o de ampliar la familia. Conozco por experiencia propia lo arduo de la lucha contra la infertilidad, y estoy aqu\u00ed para acompa\u00f1arles en el camino.\n<\/p><\/div>\n<div class=\"col-md-4 mt-3\">\n<img decoding=\"async\" class=\"img-fluid\" src=\"https:\/\/surrogacyglobal.com\/wp-content\/uploads\/2016\/11\/Mariam-Kukunashvili.jpg\" alt=\"\"><\/p>\n<p>Founder\/Director,<br \/>\n<i>Mariam Kukunashvili, MD, PhD<\/i><\/p>\n<\/div>\n<\/div>\n<\/div>\n<\/div>\n<\/div>\n<\/div>\n<\/div>\n<div class=\"container\">\n<div class=\"row\">\n<div class=\"col-md-6 my-3\">\n<div class=\"bg-secondary pt-3 pb-2\">\n<h3 class=\"text-white text-center display-4\">Gestaci\u00f3n subrogada<\/h3>\n<\/div>\n<div class=\"bg-white text-center py-3\"><button class=\"btn btn-lg btn-primary contact m-3\">Cont\u00e1ctenos<\/button> <a class=\"btn btn-lg btn-inverse m-3\" href=\"https:\/\/www.newlifeukraine.com\/es\/maternidad-subrogada\/\">M\u00e1s informaci\u00f3n<\/a><\/div>\n<\/div>\n<div class=\"col-md-6 my-3\">\n<div class=\"bg-secondary pt-3 pb-2\">\n<h3 class=\"text-white text-center display-4\">Trabaja con nosotros<\/h3>\n<\/div>\n<div class=\"bg-white text-center py-3\"><button class=\"btn btn-lg btn-primary contact m-3\">Como gestante<\/button> <a class=\"btn btn-lg btn-inverse m-3\" href=\"#\">Como donante de \u00f3vulos<\/a><\/div>\n<\/div>\n<\/div>\n<\/div>\n<\/div>\n","protected":false},"excerpt":{"rendered":"<p>[it-slider] LOS REPRESENTANTES DE NEW LIFE PUEDEN VIAJAR a su pa\u00eds de residencia para agendar encuentros cara a cara para ofrecerles m\u00e1s detalles de los programas que ustedes desean realizar con nosotros. Por favor, cont\u00e1ctese con nosotros para solicitar una reuni\u00f3n a trav\u00e9s del correo : tamari@newlifegeorgia.com Cuidado excepcional a las gestantes Cuidamos al m\u00e1ximo [&hellip;]<\/p>\n","protected":false},"author":1,"featured_media":0,"parent":0,"menu_order":0,"comment_status":"closed","ping_status":"closed","template":"full-width.php","meta":{"footnotes":""},"class_list":["post-7","page","type-page","status-publish","hentry"],"_links":{"self":[{"href":"https:\/\/www.newlifeukraine.com\/es\/wp-json\/wp\/v2\/pages\/7","targetHints":{"allow":["GET"]}}],"collection":[{"href":"https:\/\/www.newlifeukraine.com\/es\/wp-json\/wp\/v2\/pages"}],"about":[{"href":"https:\/\/www.newlifeukraine.com\/es\/wp-json\/wp\/v2\/types\/page"}],"author":[{"embeddable":true,"href":"https:\/\/www.newlifeukraine.com\/es\/wp-json\/wp\/v2\/users\/1"}],"replies":[{"embeddable":true,"href":"https:\/\/www.newlifeukraine.com\/es\/wp-json\/wp\/v2\/comments?post=7"}],"version-history":[{"count":158,"href":"https:\/\/www.newlifeukraine.com\/es\/wp-json\/wp\/v2\/pages\/7\/revisions"}],"predecessor-version":[{"id":31037,"href":"https:\/\/www.newlifeukraine.com\/es\/wp-json\/wp\/v2\/pages\/7\/revisions\/31037"}],"wp:attachment":[{"href":"https:\/\/www.newlifeukraine.com\/es\/wp-json\/wp\/v2\/media?parent=7"}],"curies":[{"name":"wp","href":"https:\/\/api.w.org\/{rel}","templated":true}]}}