{"id":4973,"date":"2017-06-25T19:00:12","date_gmt":"2017-06-25T19:00:12","guid":{"rendered":"http:\/\/www.newlifeukraine.com\/?page_id=4973"},"modified":"2018-02-09T07:55:51","modified_gmt":"2018-02-09T07:55:51","slug":"agencia-de-subrogacion-y-donacion-de-ovulos","status":"publish","type":"page","link":"https:\/\/www.newlifeukraine.com\/es\/agencia-de-subrogacion-y-donacion-de-ovulos\/","title":{"rendered":"Agencia de subrogaci\u00f3n y donaci\u00f3n de \u00f3vulos"},"content":{"rendered":"<h2>New Life Ucrania<\/h2>\n<p>Antes que nada, nos gustar\u00eda expresar nuestra gratitud a aquellos que han optado por nosotros. Nuestra  cl\u00ednica en Ucrania fue una de las primeras de la Red Global de New Life. Esta cuenta en su haber con centros de fecundaci\u00f3n in vitro y agencias de gestaci\u00f3n subrogada y donaci\u00f3n de \u00f3vulos que operan con \u00e9xito en 9 pa\u00edses con una visi\u00f3n y objetivos comunes. <\/p>\n<p>\u00bfQu\u00e9 hace que nuestro servicio sea excepcional? <\/p>\n<p>Nuestra larga lista de prioridades consta no s\u00f3lo de capacidad de organizaci\u00f3n y trato individualizado que se adecua a las necesidades y expectativas de cada padre y madre de intenci\u00f3n. La flexibilidad de nuestros programas y nuestras opciones garantizadas sin l\u00edmite de intentos se entremezclan con nuestro cuidado genuino y la empat\u00eda de nuestro equipo de profesionales.<\/p>\n<p>El trabajo duro, la pasi\u00f3n y la dedicaci\u00f3n de nuestro equipo es lo que hace que nuestros resultados sean tan buenos, \u00a1y es la clave del extraordinario \u00edndice de \u00e9xito del que tan orgullosos nos sentimos! Estamos especialmente interesados en adaptarnos a la dimensi\u00f3n emocional que tiene un tratamiento de maternidad subrogada para los padres de intenci\u00f3n. Cada uno de nuestros mensajes se fundamenta en nuestro sentido de la responsabilidad, el respeto y la sinceridad.                             <\/p>\n<p>Para nosotros es fundamental el poder entablar relaciones genuinas y sinceras con nuestros padres de intenci\u00f3n. Cada uno de ellos representa una historia \u00fanica, un camino que ha desembocado en New Life y que es la base de la amplia red de amigos que a los largo de a\u00f1os de trabajo y esfuerzo hemos creado.<\/p>\n<p>La verdadera clave de nuestro \u00e9xito est\u00e1 en los atentos cuidados que dispensamos, la confianza y la responsabilidad, y la certeza de que s\u00f3lo las relaciones que se cimentan en el respeto mutuo son las que perduran en el tiempo, y que s\u00f3lo la profesionalidad puede garantizar el \u00e9xito.<\/p>\n","protected":false},"excerpt":{"rendered":"<p>New Life Ucrania Antes que nada, nos gustar\u00eda expresar nuestra gratitud a aquellos que han optado por nosotros. Nuestra cl\u00ednica en Ucrania fue una de las primeras de la Red Global de New Life. Esta cuenta en su haber con centros de fecundaci\u00f3n in vitro y agencias de gestaci\u00f3n subrogada y donaci\u00f3n de \u00f3vulos que [&hellip;]<\/p>\n","protected":false},"author":1,"featured_media":0,"parent":0,"menu_order":0,"comment_status":"closed","ping_status":"closed","template":"","meta":{"footnotes":""},"class_list":["post-4973","page","type-page","status-publish","hentry"],"_links":{"self":[{"href":"https:\/\/www.newlifeukraine.com\/es\/wp-json\/wp\/v2\/pages\/4973","targetHints":{"allow":["GET"]}}],"collection":[{"href":"https:\/\/www.newlifeukraine.com\/es\/wp-json\/wp\/v2\/pages"}],"about":[{"href":"https:\/\/www.newlifeukraine.com\/es\/wp-json\/wp\/v2\/types\/page"}],"author":[{"embeddable":true,"href":"https:\/\/www.newlifeukraine.com\/es\/wp-json\/wp\/v2\/users\/1"}],"replies":[{"embeddable":true,"href":"https:\/\/www.newlifeukraine.com\/es\/wp-json\/wp\/v2\/comments?post=4973"}],"version-history":[{"count":8,"href":"https:\/\/www.newlifeukraine.com\/es\/wp-json\/wp\/v2\/pages\/4973\/revisions"}],"predecessor-version":[{"id":30305,"href":"https:\/\/www.newlifeukraine.com\/es\/wp-json\/wp\/v2\/pages\/4973\/revisions\/30305"}],"wp:attachment":[{"href":"https:\/\/www.newlifeukraine.com\/es\/wp-json\/wp\/v2\/media?parent=4973"}],"curies":[{"name":"wp","href":"https:\/\/api.w.org\/{rel}","templated":true}]}}