{"id":4960,"date":"2017-06-12T11:17:21","date_gmt":"2017-06-12T11:17:21","guid":{"rendered":"http:\/\/www.newlifeukraine.com\/?page_id=4960"},"modified":"2017-09-18T05:34:13","modified_gmt":"2017-09-18T05:34:13","slug":"nuestra-historia","status":"publish","type":"page","link":"https:\/\/www.newlifeukraine.com\/es\/nuestra-historia\/","title":{"rendered":"Nuestra historia"},"content":{"rendered":"<h2>Nuestra historia<\/h2>\n<p>\nTodos nosotros tenemos historias de esas que llegan al coraz\u00f3n.<\/p>\n<p>La historia de New Life est\u00e1 compuesta por una larga lista de historias humanas, de parejas que gracias al esfuerzo, pasi\u00f3n y dedicaci\u00f3n de muchas personas pudieron ver cumplido su sue\u00f1o.\n<\/p>\n<p>\nNuestras historias son el vivo ejemplo de que una actitud responsable, amable y dispuesta a proporcionar todo tipo de cuidados es la clave para mantener una posici\u00f3n de liderazgo en un ambiente altamente competitivo. Estos principios nos han ayudado a construir una amplia read de socios y amigos a la que nos gusta llamar la Familia de New Life.\n<\/p>\n<h3>Nuestra historia:<\/h3>\n<ul>\n<li>Para nosotros la satisfacci\u00f3n de nuestras donante de \u00f3vulos y gestantes es primordial. Nos esforzamos mucho por hacerlas sentir cuidadas y valoradas, y porque sepan en todo momento que su implicaci\u00f3n en el programa es muy importante<\/li>\n<li>En New Life cuando una mujer se registra como gestante nos aseguramos de que cuente con el apoyo de su familia. As\u00ed evitamos que ninguna mujer sea repudiada por su entorno por participar en un programa de gestaci\u00f3n subrogada.<\/li>\n<li>Tenemos muchos casos de padres que quedaron tan contentos con nuestros servicios que volvieron despu\u00e9s de un tiempo para darle un hermanito a su primer hijo con nosotros<\/li>\n<li>Llevamos a cabo inspecciones peri\u00f3dicas para estar seguros de que ninguna de nuestras gestantes fuma o bebe durante el embarazo. En ninguno de estos controles ha salido que ninguna de nuestras gestantes fumara o bebiera.<\/li>\n<li>En todas y cada una de las pruebas realizadas a los beb\u00e9s que se han gestado con nosotros el ADN coincid\u00eda con el de los padres de intenci\u00f3n<\/li>\n<li>No hemos tenido ni un solo caso de beb\u00e9s nacidos con anormalidades gen\u00e9ticas<\/li>\n<li>Ninguna de nuestras gestantes ha tratado nunca de quedarse con el beb\u00e9<\/li>\n<li>Siete mil beb\u00e9s se han gestado en nuestras cl\u00ednicas y ni un solo paciente se ha quedado varado en ninguno de los pa\u00edses donde trabajamos<\/li>\n<li>Cuando en un pa\u00eds se han dado cambios en la legislaci\u00f3n relativa a la maternidad subrogada hemos apoyado legalmente a nuestros pacientes, y todos pudieron regresar a casa sin mayor problema<\/li>\n<li>En aquellos casos en que la legislaci\u00f3n cambi\u00f3 y el programa no hab\u00eda empezado siempre devolvimos el importe \u00edntegro del tratamiento<\/li>\n<li>No se ha dado nunca el caso de un nacido muerto en nuestras cl\u00ednicas, ni ninguna de nuestras gestantes muri\u00f3 durante el parto<\/li>\n<li>Ninguno de nuestros padres de intenci\u00f3n, donantes de \u00f3vulos o gestantes nos ha llevamos nunca a juicio, y en todos nuestros contratos la parte que nos correspond\u00eda fue cumplida de forma puntual y eficiente<\/li>\n<\/ul>\n","protected":false},"excerpt":{"rendered":"<p>Nuestra historia Todos nosotros tenemos historias de esas que llegan al coraz\u00f3n. La historia de New Life est\u00e1 compuesta por una larga lista de historias humanas, de parejas que gracias al esfuerzo, pasi\u00f3n y dedicaci\u00f3n de muchas personas pudieron ver cumplido su sue\u00f1o. Nuestras historias son el vivo ejemplo de que una actitud responsable, amable [&hellip;]<\/p>\n","protected":false},"author":1,"featured_media":0,"parent":0,"menu_order":0,"comment_status":"closed","ping_status":"closed","template":"","meta":{"footnotes":""},"class_list":["post-4960","page","type-page","status-publish","hentry"],"_links":{"self":[{"href":"https:\/\/www.newlifeukraine.com\/es\/wp-json\/wp\/v2\/pages\/4960","targetHints":{"allow":["GET"]}}],"collection":[{"href":"https:\/\/www.newlifeukraine.com\/es\/wp-json\/wp\/v2\/pages"}],"about":[{"href":"https:\/\/www.newlifeukraine.com\/es\/wp-json\/wp\/v2\/types\/page"}],"author":[{"embeddable":true,"href":"https:\/\/www.newlifeukraine.com\/es\/wp-json\/wp\/v2\/users\/1"}],"replies":[{"embeddable":true,"href":"https:\/\/www.newlifeukraine.com\/es\/wp-json\/wp\/v2\/comments?post=4960"}],"version-history":[{"count":6,"href":"https:\/\/www.newlifeukraine.com\/es\/wp-json\/wp\/v2\/pages\/4960\/revisions"}],"predecessor-version":[{"id":5021,"href":"https:\/\/www.newlifeukraine.com\/es\/wp-json\/wp\/v2\/pages\/4960\/revisions\/5021"}],"wp:attachment":[{"href":"https:\/\/www.newlifeukraine.com\/es\/wp-json\/wp\/v2\/media?parent=4960"}],"curies":[{"name":"wp","href":"https:\/\/api.w.org\/{rel}","templated":true}]}}