{"id":4328,"date":"2014-12-17T07:52:03","date_gmt":"2014-12-17T07:52:03","guid":{"rendered":"http:\/\/techntrends.com\/ukraine\/?page_id=10"},"modified":"2024-07-16T12:57:03","modified_gmt":"2024-07-16T12:57:03","slug":"donacion-de-ovulos-y-maternidad-subrogada","status":"publish","type":"page","link":"https:\/\/www.newlifeukraine.com\/es\/donacion-de-ovulos-y-maternidad-subrogada\/","title":{"rendered":"Donaci\u00f3n de \u00f3vulos y maternidad subrogada"},"content":{"rendered":"<h2 class=\"margin-top-xl animated lightSpeedIn\" data-effect=\"lightSpeedIn\" style=\"opacity: 1;\">Nuestra misi\u00f3n<\/h2>\n<p>Nuestra responsabilidad es asegurarnos de que toda persona que acuda a New Life depositando en nosotros su confianza y anhelo de tener un beb\u00e9 cumpla su sue\u00f1o. Nuestra meta es asegurarnos de que toda pareja que desee convertirse en padres salga de nuestra cl\u00ednica con un beb\u00e9 en brazos, y siempre nos entregamos al m\u00e1ximo para que su historia tenga un final feliz.<\/p>\n<p>Nuestra misi\u00f3n es llevar a cabo nuestra responsabilidad en el ambiente m\u00e1s c\u00f3modo y agradable posible sin arriesgar nunca nuestros valores principales &#8211; la confianza y la satisfacci\u00f3n de nuestros padres de intenci\u00f3n. Hacemos esto con objetivos honestos, fijando expectativas realistas, en un ambiente libre de estr\u00e9s y con la orientaci\u00f3n necesaria proporcionada por un equipo de profesionales responsables y entregados.<\/p>\n<div class=\"row margin-top-lg\">\n<div class=\"col-md-8\">\n<h3 class=\"no-margin-top\">Estimados padres de intenci\u00f3n,<\/h3>\n<p>Me gustar\u00eda agradecerles personalmente su confianza en nosotros. Perm\u00edtanme compartir brevemente nuestra historia con ustedes: La Red Global de New Life fue establecida a partir de mi creencia en que toda persona que as\u00ed lo desee merece experimentar la alegr\u00eda de tener su propio beb\u00e9. En 2008, nuestra sede central fue fundada en Tiflis, Georgia; desde ese momento, nos hemos extendido hasta el punto que nuestros centros de fertilidad operan con \u00e9xito en Georgia, Ucrania, Sudeste Asi\u00e1tico, Kenia, Sud\u00e1frica y Polonia.<\/p>\n<p>Estoy segura de que probablemente han pasado por muchos intentos, dudas, emociones, pero mi propia experiencia personal me permite decirle esto: \u00a1es demasiado pronto para rendirse! Despu\u00e9s de 11 intentos infructuosos de fecundaci\u00f3n in vitro, despu\u00e9s de sufrir endometriosis y someterme a 4 operaciones, y pasar luego por un embarazo ect\u00f3pico, yo tambi\u00e9n tuve que recurrir a la maternidad subrogada. Con la ayuda de 2 maravillosas gestantes, mi esposo y yo ahora tenemos una hermosa hija y dos maravillosos  gemelos, nacidos en 2011. S\u00e9 que es dif\u00edcil comenzar o incluso continuar el viaje a la paternidad, pero estamos aqu\u00ed para ayudarle.<\/p>\n<p>Nuestro dedicado equipo de coordinadores le ayudar\u00e1 a obtener toda la informaci\u00f3n necesaria sobre cada detalle de su futuro programa con New Life. Todos y cada uno de los miembros de nuestro equipo, formados en Europa y en Estados Unidos, ponen su amplia experiencia a su disposici\u00f3n para proporcionarle el asesoramiento y apoyo necesarios antes de iniciar su programa, durante el embarazo y despu\u00e9s del nacimiento del beb\u00e9. Entendemos lo complicado que puede ser para usted tomar una decisi\u00f3n que cambiar\u00e1 su vida para siempre, embarc\u00e1ndose en un tratamiento de fertilidad en el extranjero, en un pa\u00eds totalmente diferente. Por eso no escatimamos esfuerzos a la hora de minimizar cualquier posible estr\u00e9s o malestar en el proceso. Le esperamos para emprender juntos este viaje maravilloso.<\/p>\n<\/div>\n<div class=\"col-md-4 padding-top-xl\"><img decoding=\"async\" class=\"img-fluid\" src=\"https:\/\/www.newlifeukraine.com\/wp-content\/uploads\/2019\/12\/Mariam-Kukunashvili-More-Joy.jpg\" alt=\"\"><\/div>\n<div class=\"col-md-12\">\n<p><strong> Sinceramente,<br \/> Mariam Kukunashvili, MD, PhD <\/strong><\/p>\n<\/div>\n<\/div>\n","protected":false},"excerpt":{"rendered":"<p>Nuestra misi\u00f3n Nuestra responsabilidad es asegurarnos de que toda persona que acuda a New Life depositando en nosotros su confianza y anhelo de tener un beb\u00e9 cumpla su sue\u00f1o. Nuestra meta es asegurarnos de que toda pareja que desee convertirse en padres salga de nuestra cl\u00ednica con un beb\u00e9 en brazos, y siempre nos entregamos [&hellip;]<\/p>\n","protected":false},"author":1,"featured_media":0,"parent":0,"menu_order":0,"comment_status":"closed","ping_status":"closed","template":"","meta":{"footnotes":""},"class_list":["post-4328","page","type-page","status-publish","hentry"],"_links":{"self":[{"href":"https:\/\/www.newlifeukraine.com\/es\/wp-json\/wp\/v2\/pages\/4328","targetHints":{"allow":["GET"]}}],"collection":[{"href":"https:\/\/www.newlifeukraine.com\/es\/wp-json\/wp\/v2\/pages"}],"about":[{"href":"https:\/\/www.newlifeukraine.com\/es\/wp-json\/wp\/v2\/types\/page"}],"author":[{"embeddable":true,"href":"https:\/\/www.newlifeukraine.com\/es\/wp-json\/wp\/v2\/users\/1"}],"replies":[{"embeddable":true,"href":"https:\/\/www.newlifeukraine.com\/es\/wp-json\/wp\/v2\/comments?post=4328"}],"version-history":[{"count":26,"href":"https:\/\/www.newlifeukraine.com\/es\/wp-json\/wp\/v2\/pages\/4328\/revisions"}],"predecessor-version":[{"id":31007,"href":"https:\/\/www.newlifeukraine.com\/es\/wp-json\/wp\/v2\/pages\/4328\/revisions\/31007"}],"wp:attachment":[{"href":"https:\/\/www.newlifeukraine.com\/es\/wp-json\/wp\/v2\/media?parent=4328"}],"curies":[{"name":"wp","href":"https:\/\/api.w.org\/{rel}","templated":true}]}}