{"id":3422,"date":"2015-01-21T08:23:42","date_gmt":"2015-01-21T08:23:42","guid":{"rendered":"http:\/\/techntrends.com\/ukraine\/?page_id=3422"},"modified":"2024-07-16T13:09:22","modified_gmt":"2024-07-16T13:09:22","slug":"fiv-en-ucrania","status":"publish","type":"page","link":"https:\/\/www.newlifeukraine.com\/es\/fiv-en-ucrania\/","title":{"rendered":"FIV en Ucrania"},"content":{"rendered":"<h2 class=\"margin-top-xl animated lightSpeedIn\" data-effect=\"lightSpeedIn\" style=\"opacity: 1;\">Fecundaci\u00f3n in vitro en Ucrania (FIV)<\/h2>\n<div class=\"row\">\n<div class=\"col-md-7\">\nYa hace bastante tiempo que Ucrania se convirti\u00f3 en un destino privilegiado para tratamientos de fecundaci\u00f3n in vitro, y aqu\u00ed se dirigen numerosas personas de todo el mundo. El auge de la popularidad de Ucrania para este tipo de tratamientos se debe a su bajo costo en comparaci\u00f3n con otros destinos, los excepcionales \u00edndices de \u00e9xito (alrededor del 50 &#8211; 60%, lo cual puede decirse sin lugar a dudas que est\u00e1 a la altura de los resultados de las mejores cl\u00ednicas de Estados Unidos y Eurooa) y la ubicaci\u00f3n de Ucrania, de f\u00e1cil acceso desde todas las capitales europeas y asi\u00e1ticas, y las principales ciudades de Estados Unidos.<\/p>\n<p>Nuestros altos \u00edndices de \u00e9xito son por supuesto motivo de orgullo, pero tambi\u00e9n lo es que para nosotros es de extrema importancia que la comunicaci\u00f3n sea efectiva y r\u00e1pida. Entendemos que esto es muy importante para los padres ya que, una vez decididos a emprender un tratamiento de fecundaci\u00f3n in vitro, quieren llevarlo a cabo lo antes posible.<br \/>\nCuando una pareja nos contacta, inmediatamente les informamos de las pruebas m\u00e9dicas a las que deben someterse para poder acceder a un programa de fecundaci\u00f3n in vitro. Una vez realizadas estamos listos para ponernos en marcha. Nuestros m\u00e9dicos tienen muy claro que lo primordial es conseguir un embarazo que llegue a buen t\u00e9rmino, y para ello se muestran flexibles, honestos y abiertos a discusi\u00f3n. Esta es sin duda una gran ventaja de Ucrania como destino para este tipo de tratamientos.\n    <\/p><\/div>\n<div class=\"col-md-5\">\n        <img decoding=\"async\" src=\"\/wp-content\/uploads\/2017\/03\/In-Vitro.jpg\" alt=\"IVF in Ukraine\" class=\"img-fluid\" \/>\n    <\/div>\n<\/div>\n<p>Las cl\u00ednicas de fertilizaci\u00f3n in vitro en Ucrania practican lo que se denomina fecundaci\u00f3n in vitro tradicional (dependiendo del n\u00famero y la calidad de los \u00f3vulos y el esperma), as\u00ed como fecundaci\u00f3n in vitro con inyecci\u00f3n intracitoplasm\u00e1tica de espermatozoides. Las cl\u00ednicas son flexibles para transferir embriones en su tercer d\u00eda y hacer cultivos de los embriones hasta que alcancen el estadio de blastocito. Tambi\u00e9n ponemos a su disposici\u00f3n la t\u00e9cnica de la eclosi\u00f3n asistida. Y otra ventaja de Ucrania es que a diferencia de otros pa\u00edses, esposible realizar selecci\u00f3n de sexo de los embriones, ya sea por razones m\u00e9dicas o por deseo de equilibrar la composici\u00f3n familiar.<\/p>\n","protected":false},"excerpt":{"rendered":"<p>Fecundaci\u00f3n in vitro en Ucrania (FIV) Ya hace bastante tiempo que Ucrania se convirti\u00f3 en un destino privilegiado para tratamientos de fecundaci\u00f3n in vitro, y aqu\u00ed se dirigen numerosas personas de todo el mundo. El auge de la popularidad de Ucrania para este tipo de tratamientos se debe a su bajo costo en comparaci\u00f3n con [&hellip;]<\/p>\n","protected":false},"author":1,"featured_media":0,"parent":0,"menu_order":0,"comment_status":"open","ping_status":"open","template":"","meta":{"footnotes":""},"class_list":["post-3422","page","type-page","status-publish","hentry"],"_links":{"self":[{"href":"https:\/\/www.newlifeukraine.com\/es\/wp-json\/wp\/v2\/pages\/3422","targetHints":{"allow":["GET"]}}],"collection":[{"href":"https:\/\/www.newlifeukraine.com\/es\/wp-json\/wp\/v2\/pages"}],"about":[{"href":"https:\/\/www.newlifeukraine.com\/es\/wp-json\/wp\/v2\/types\/page"}],"author":[{"embeddable":true,"href":"https:\/\/www.newlifeukraine.com\/es\/wp-json\/wp\/v2\/users\/1"}],"replies":[{"embeddable":true,"href":"https:\/\/www.newlifeukraine.com\/es\/wp-json\/wp\/v2\/comments?post=3422"}],"version-history":[{"count":19,"href":"https:\/\/www.newlifeukraine.com\/es\/wp-json\/wp\/v2\/pages\/3422\/revisions"}],"predecessor-version":[{"id":31024,"href":"https:\/\/www.newlifeukraine.com\/es\/wp-json\/wp\/v2\/pages\/3422\/revisions\/31024"}],"wp:attachment":[{"href":"https:\/\/www.newlifeukraine.com\/es\/wp-json\/wp\/v2\/media?parent=3422"}],"curies":[{"name":"wp","href":"https:\/\/api.w.org\/{rel}","templated":true}]}}