{"id":3418,"date":"2015-01-21T08:22:14","date_gmt":"2015-01-21T08:22:14","guid":{"rendered":"http:\/\/techntrends.com\/ukraine\/?page_id=3418"},"modified":"2024-07-16T13:05:11","modified_gmt":"2024-07-16T13:05:11","slug":"donacion-de-ovulos","status":"publish","type":"page","link":"https:\/\/www.newlifeukraine.com\/es\/donacion-de-ovulos\/","title":{"rendered":"Donaci\u00f3n de \u00f3vulos"},"content":{"rendered":"<h2 class=\"margin-top-xl animated lightSpeedIn\" data-effect=\"lightSpeedIn\" style=\"opacity: 1;\">Donaci\u00f3n de \u00f3vulos<\/h2>\n<p>New Life Ucrania se enorgullece de poner a disposici\u00f3n de los padres de intenci\u00f3n una amplia base de datos de donantes de \u00f3vulos. Para acceder a ella no tiene m\u00e1s que solicitarlo.<\/p>\n<p>Contamos con un abultado n\u00famero de donantes que permite que nuestros padres de intenci\u00f3n puedan escoger a la donante cuyos rasgos f\u00edsicos mejor se adecuen a la apariencia que buscan. Usted puede ver a nuestras donantes desde la comodidad de su casa, y podr\u00e1 ver sus fotos, edad, altura, peso, historial m\u00e9dico de la donante y de su familia, educaci\u00f3n, profesi\u00f3n, historial de donaciones y muchos otros detalles. En caso de interesarles una donante espec\u00edfica tambi\u00e9n podemos facilitar informaci\u00f3n sobre sus aficiones, estilo de vida e intereses personales. Hacemos todo lo posible para ayudar a los padres de intenci\u00f3n a decidirse por la donante que mejor se ajuste a lo que buscan.<\/p>\n<p>Entendemos que se trata de una parte muy emocional de todo el programa y estamos junto a los padres para que la elecci\u00f3n de la donante sea lo m\u00e1s f\u00e1cil posible.<\/p>\n<h3>Tras escoger los padres de intenci\u00f3n a la donante, nos encargamos de proceder a realizarle los siguientes an\u00e1lisis:<\/h3>\n<div class=\"row\">\n<div class=\"col-md-8\">\n<ul>\n<li>CBC\/hb Conteo completo de la sangre\/hemoglobina<\/li>\n<li>Grupo sangu\u00edneo y Rhesus &#8211; En caso de que durante la extracci\u00f3n de \u00f3vulos se produzca una emergencia y sea necesaria una transfusi\u00f3n<\/li>\n<li>VIH &#8211; Virus de inmunodeficiencia humana<\/li>\n<li>HbsAg &#8211; Hepatitis B<\/li>\n<li>VDRL \u2013 S\u00edfilis<\/li>\n<li>HCV &#8211; Hepatitis C<\/li>\n<li>FSH (CD2-4) hormona para la estimulaci\u00f3n de los fol\u00edculos &#8211; examen de la reserva ov\u00e1rica (debe medirse entre los d\u00edas 2 y 4 de la menstruaci\u00f3n)<\/li>\n<li>LH (CD2-4) hormona luteinizante (debe medirse entre los d\u00edas 2 y 4 de la menstruaci\u00f3n)<\/li>\n<li>AMH &#8211; Hormona Antimulleriana<\/li>\n<li>Nivel de estradiol (debe medirse entre los d\u00edas 2 y 4 de la menstruaci\u00f3n)<\/li>\n<li>TSH &#8211; Hormona para la estimulaci\u00f3n del tiroides\/ examen de la funci\u00f3n del tiroides<\/li>\n<li>Prolactina &#8211; Medida del nivel de la hormona prolactina producido por la gl\u00e1ndula pituitaria. Un nivel alto puede indicar problemas de infertilidad<\/li>\n<li>Ultrasonido p\u00e9lvico para recuento de fol\u00edculos antrales (debe medirse entre los d\u00edas 3 y 5 de la menstruaci\u00f3n)<\/li>\n<li>Frotis vaginal para descartar posibles infecciones<\/li>\n<li>Cariotipo<\/li>\n<li>Virus del herpes<\/li>\n<li>Citomegalovirus<\/li>\n<\/ul><\/div>\n<div class=\"col-md-4\">\n        <img decoding=\"async\" src=\"\/wp-content\/uploads\/2017\/03\/38.jpg\" alt=\"Ukraine Egg Donation\" class=\"img-fluid\" \/>\n    <\/div>\n<\/div>\n<p>Tan pronto como recibimos la confirmaci\u00f3n de que los an\u00e1lisis est\u00e1n bien la donante est\u00e1 lista para empezar con la estimulaci\u00f3n ov\u00e1rica. En caso de que los an\u00e1lisis mostraran cualquier tipo de anomal\u00eda, los padres de intenci\u00f3n tendr\u00edan derecho a elegir otra donante sin coste adicional alguno.<br \/>\nLa estimulaci\u00f3n puede durar entre 10 y 14 d\u00edas. Las inyecciones que utilizamos habitualmente son Gonal F, Menopur, Cetrotyde y Ovitrell. Las donantes est\u00e1n controladas m\u00e9dicamente de forma continua y rigurosa durante el proceso de estimulaci\u00f3n, y los padres reciben informes al respecto.  <\/p>\n","protected":false},"excerpt":{"rendered":"<p>Donaci\u00f3n de \u00f3vulos New Life Ucrania se enorgullece de poner a disposici\u00f3n de los padres de intenci\u00f3n una amplia base de datos de donantes de \u00f3vulos. Para acceder a ella no tiene m\u00e1s que solicitarlo. Contamos con un abultado n\u00famero de donantes que permite que nuestros padres de intenci\u00f3n puedan escoger a la donante cuyos [&hellip;]<\/p>\n","protected":false},"author":1,"featured_media":0,"parent":0,"menu_order":0,"comment_status":"open","ping_status":"closed","template":"","meta":{"footnotes":""},"class_list":["post-3418","page","type-page","status-publish","hentry"],"_links":{"self":[{"href":"https:\/\/www.newlifeukraine.com\/es\/wp-json\/wp\/v2\/pages\/3418","targetHints":{"allow":["GET"]}}],"collection":[{"href":"https:\/\/www.newlifeukraine.com\/es\/wp-json\/wp\/v2\/pages"}],"about":[{"href":"https:\/\/www.newlifeukraine.com\/es\/wp-json\/wp\/v2\/types\/page"}],"author":[{"embeddable":true,"href":"https:\/\/www.newlifeukraine.com\/es\/wp-json\/wp\/v2\/users\/1"}],"replies":[{"embeddable":true,"href":"https:\/\/www.newlifeukraine.com\/es\/wp-json\/wp\/v2\/comments?post=3418"}],"version-history":[{"count":20,"href":"https:\/\/www.newlifeukraine.com\/es\/wp-json\/wp\/v2\/pages\/3418\/revisions"}],"predecessor-version":[{"id":31017,"href":"https:\/\/www.newlifeukraine.com\/es\/wp-json\/wp\/v2\/pages\/3418\/revisions\/31017"}],"wp:attachment":[{"href":"https:\/\/www.newlifeukraine.com\/es\/wp-json\/wp\/v2\/media?parent=3418"}],"curies":[{"name":"wp","href":"https:\/\/api.w.org\/{rel}","templated":true}]}}