{"id":3212,"date":"2014-12-31T06:29:21","date_gmt":"2014-12-31T06:29:21","guid":{"rendered":"http:\/\/techntrends.com\/ukraine\/?page_id=3212"},"modified":"2024-07-16T13:13:25","modified_gmt":"2024-07-16T13:13:25","slug":"pasos-a-seguir-y-consejos-para-el-viaje","status":"publish","type":"page","link":"https:\/\/www.newlifeukraine.com\/es\/pasos-a-seguir-y-consejos-para-el-viaje\/","title":{"rendered":"Pasos a seguir y consejos para el viaje"},"content":{"rendered":"<h2 class=\"margin-top-xl animated lightSpeedIn\" data-effect=\"lightSpeedIn\" style=\"opacity: 1;\">Pasos a seguir y consejos para el viaje<\/h2>\n<p>Los programas de maternidad subrogada y de donaci\u00f3n de \u00f3vulos son un servicio que se ofrece de forma habitual en Ucrania a parejas tanto extranjeras como ucranianas. En algunos pa\u00edses la maternidad subrogada y\/o la donaci\u00f3n de \u00f3vulos est\u00e1n prohibidas por la ley debido a razones religiosas, pol\u00edticas, sociales o m\u00e9dicas. Pero el deseo de tener un beb\u00e9 es algo universal.<br \/>\nUcrania es uno de los pocos pa\u00edses donde usted puede tener su propio beb\u00e9 a\u00fan si alg\u00fan problema f\u00edsico no se lo permite. El marco legal y unos precios muy asequibles hacen que sea mucho m\u00e1s f\u00e1cil llevar a cabo este tipo de programas en Ucrania que en otros pa\u00edses.<\/p>\n<h3>Su programa paso a paso<\/h3>\n<div class=\"row\">\n<div class=\"col-md-7\">\n<ul>\n<li>Usted nos escribe una solicitud de informaci\u00f3n explic\u00e1ndonos su situaci\u00f3n y el programa en el que est\u00e1 interesado, nos facilita sus datos de contacto, sus preferencias y requisitos. Nosotros le facilitamos toda la informaci\u00f3n requerida y nos ponemos a su disposici\u00f3n para contestar a todas sus preguntas.<\/li>\n<li>Una vez hemos individualizado su programa le enviamos un presupuesto con el coste total del programa, en el que incluimos adem\u00e1s informaci\u00f3n sobre costes adicionales como alojamiento, transporte de\/al aeropuerto, traductores, etc\u2026<\/li>\n<li>Le facilitamos un nombre de usuario y una contrase\u00f1a para que pueda acceder a nuestra base de datos de donantes de \u00f3vulos y gestantes para que usted pueda hacer una primera selecci\u00f3n. Si ambas se encuentran disponibles y pueden participar en su programa, podemos pasar al siguiente paso.<\/li>\n<li>Tras ponernos de acuerdo en todos los putnos importantes le enviamos un borrador de contrato para que usted pueda enviarnos sus comentarios al respecto. En caso necesario, incluimos sus peticiones en la versi\u00f3n final.<\/li>\n<li>Le ayudamos a planear su visita a Kiev (reserva de billetes, alojamiento, traductor\u2026). Durante su estancia en Kiev estaremos a su lado en todo momento para que usted se sienta lo m\u00e1s c\u00f3modo posible.<\/li>\n<li>Le organizamos encuentros con las potenciales candidatas (en el caso de la donante de \u00f3vulos esto es posible s\u00f3lo si ella est\u00e1 de acuerdo) para que usted pueda confirmar la decisi\u00f3n ue.<\/li>\n<li>El siguiente paso es la firma de los contratos, uno con New Life Ucrania y otro con la gestante.<\/li>\n<li> Comienza el programa.<\/li>\n<\/ul><\/div>\n<div class=\"col-md-5\">\n        <img decoding=\"async\" src=\"\/wp-content\/uploads\/2017\/03\/Ukraine-1.jpg\" alt=\"Ukraine IVF\" class=\"img-fluid\" \/>\n    <\/div>\n<\/div>\n<p>&nbsp;<\/p>\n<h3>En general, son necesarias dos o tres visitas a Kiev<\/h3>\n<ul>\n<li>La primera visita es para encontrarse con el m\u00e9dico que llevar\u00e1 su programa, pasar los ex\u00e1menes m\u00e9dicos que sean necesarios en caso de no haberlos hecho en su pa\u00eds de origen, dejar muestras de esperma, as\u00ed como encontrarse con su coordinador personal en New Life Ucrania, firmar los contratos y conocer a las posibles donantes de \u00f3vulos y gestantes.<\/li>\n<li> La madre de intenci\u00f3n (en caso de no ser necesaria una donante de \u00f3vulos) debe venir a Kiev para que sea realizada la extracci\u00f3n de los \u00f3vulos. No es necesaria una estancia prolongada ya que el m\u00e9dico le habr\u00e1 prescrito la medicaci\u00f3n necesaria durante la primera visita. Puede adquirirla en Kiev y realizar la estimulaci\u00f3n ov\u00e1rica c\u00f3modamente en su casa. E; siguiente paso es volver a Kiev dos o tres d\u00edas de la punci\u00f3n.<\/li>\n<li>La tercera visita es para tramitar el registro del reci\u00e9n nacido, y llev\u00e1rselo de vuelta a casa.<\/li>\n<\/ul>\n","protected":false},"excerpt":{"rendered":"<p>Pasos a seguir y consejos para el viaje Los programas de maternidad subrogada y de donaci\u00f3n de \u00f3vulos son un servicio que se ofrece de forma habitual en Ucrania a parejas tanto extranjeras como ucranianas. En algunos pa\u00edses la maternidad subrogada y\/o la donaci\u00f3n de \u00f3vulos est\u00e1n prohibidas por la ley debido a razones religiosas, [&hellip;]<\/p>\n","protected":false},"author":1,"featured_media":0,"parent":0,"menu_order":0,"comment_status":"open","ping_status":"closed","template":"","meta":{"footnotes":""},"class_list":["post-3212","page","type-page","status-publish","hentry"],"_links":{"self":[{"href":"https:\/\/www.newlifeukraine.com\/es\/wp-json\/wp\/v2\/pages\/3212","targetHints":{"allow":["GET"]}}],"collection":[{"href":"https:\/\/www.newlifeukraine.com\/es\/wp-json\/wp\/v2\/pages"}],"about":[{"href":"https:\/\/www.newlifeukraine.com\/es\/wp-json\/wp\/v2\/types\/page"}],"author":[{"embeddable":true,"href":"https:\/\/www.newlifeukraine.com\/es\/wp-json\/wp\/v2\/users\/1"}],"replies":[{"embeddable":true,"href":"https:\/\/www.newlifeukraine.com\/es\/wp-json\/wp\/v2\/comments?post=3212"}],"version-history":[{"count":11,"href":"https:\/\/www.newlifeukraine.com\/es\/wp-json\/wp\/v2\/pages\/3212\/revisions"}],"predecessor-version":[{"id":31028,"href":"https:\/\/www.newlifeukraine.com\/es\/wp-json\/wp\/v2\/pages\/3212\/revisions\/31028"}],"wp:attachment":[{"href":"https:\/\/www.newlifeukraine.com\/es\/wp-json\/wp\/v2\/media?parent=3212"}],"curies":[{"name":"wp","href":"https:\/\/api.w.org\/{rel}","templated":true}]}}