{"id":3204,"date":"2014-12-26T12:19:36","date_gmt":"2014-12-26T12:19:36","guid":{"rendered":"http:\/\/techntrends.com\/ukraine\/?page_id=3204"},"modified":"2018-02-06T03:29:33","modified_gmt":"2018-02-06T03:29:33","slug":"preguntas-frecuentes","status":"publish","type":"page","link":"https:\/\/www.newlifeukraine.com\/es\/preguntas-frecuentes\/","title":{"rendered":"Preguntas Frecuentes"},"content":{"rendered":"<h2 class=\"margin-top-xl animated lightSpeedIn\" data-effect=\"lightSpeedIn\" style=\"opacity: 1;\">Preguntas Frecuentes<\/h2>\n<p>La p\u00e1gina de Preguntas Frecuentes est\u00e1 a su disposici\u00f3n para resolver dudas y preguntas relacionadas con nuestros tratamientos<\/p>\n<h3>\u00bfC\u00f3mo es una gestante en Ucrania?<\/h3>\n<p>Una madre subrogada en Ucrania est\u00e1 entre los 25 y los 35 a\u00f1os, y debe tener al menos un hijo propio sano. La gestante debe someterse a todo tipo de pruebas para garantizar que est\u00e9 libre de enfermedades infecciosas y cualquier otro tipo de trastornos. Nuestras gestantes deben ser totalmente abstemias y aceptar someterse a evaluaciones psicol\u00f3gicas.<\/p>\n<h3>\u00bfPuedo disponer de una estimaci\u00f3n de lo que costar\u00e1 y durar\u00e1 el programa de gestaci\u00f3n subrogada?<\/h3>\n<p>El precio depender\u00e1 del programa escogido. Para saber detalles espec\u00edficos sobre el plan de pagos y la duraci\u00f3n del programa por favor cont\u00e1ctenos.<\/p>\n<h3>\u00bfC\u00f3mo se realizan los pagos?<\/h3>\n<p>Dependiendo del tipo de paquete, el pago se fracciona en 3 o 4 plazos.<\/p>\n<h3>\u00bfCu\u00e1l ser\u00e1 el coste de un intento extra de fecundaci\u00f3n in vitro?<\/h3>\n<p>El primer procedimiento de fecundaci\u00f3n in vitro est\u00e1 incluido en todos nuestros paquetes est\u00e1ndar. Si este es infructuoso debe abonarse el precio de los subsiguientes intentos.<\/p>\n<h3>\u00bfCu\u00e1nto apoyo puedo esperar de la cl\u00ednica en lo referente a cuestiones log\u00edsticas?<\/h3>\n<p>Tendr\u00e1 todo nuestro apoyo en este tipo de cuestiones. Nosotros nos encargamos de ayudarle con su visa a Ucrania, encontrarle un buen alojamiento, poner a su disposici\u00f3n buenos int\u00e9rpretes e incluso organizar visitas tur\u00edsticas.<\/p>\n<h3>\u00bfCon cu\u00e1nta frecuencia debo visitar Ucrania para completar un programa exitoso y cu\u00e1nto debe durar cada visita?<\/h3>\n<p>La visita inicial es para la extracci\u00f3n de esperma y\/o \u00f3vulos. Esta estancia es de entre 3 y 5 d\u00edas. Usted debe volver a Ucrania justo antes de que nazca el beb\u00e9 para hacerse cargo de \u00e9l.<br \/>\nEsta estancia se prolonga durante unas dos semanas para completar todo el papeleo necesario para volver a casa con el reci\u00e9n nacido. Esto depender\u00e1 de los procedimientos legales en Ucrania as\u00ed como en su consulado o embajada.<\/p>\n<h3>\u00bfNecesito visado para viajar a Ucrania?<\/h3>\n<p>Cabe mencionar que los ciudadanos de la Uni\u00f3n Europea, Estados Unidos, Jap\u00f3n, Suiza y CIS (ex Uni\u00f3n Sovi\u00e9tica) no necesitan visado para entrar en Ucrania. Para ciudadanos de otros pa\u00edses el visado es necesaria y suele llevar alrededor de una semana obtenerlo.<\/p>\n<h3>\u00bfQu\u00e9 debemos hacer para concertar una cita en la cl\u00ednica?<\/h3>\n<p>Todas las citas con la cl\u00ednica y la gestante ser\u00e1n organizadas por nosotros.<\/p>\n<h3>\u00bfGarantiza New Life el nacimiento de un beb\u00e9 como hacen muchas otras cl\u00ednicas?<\/h3>\n<p>Cualquier cl\u00ednica aspira a concluir un tratamiento con el nacimiento de un beb\u00e9 sano. Pero esto es algo que no podemos garantizar porque existen factores que escapan a nuestro control. En ciertos casos, el primer intento resulta en un embarazo confirmado y el nacimiento de un beb\u00e9 sano, pero tambi\u00e9n hay casos en que nuestros clientes deben realizar intentos subsiguientes.<\/p>\n<h3>\u00bfDebemos someternos a alg\u00fan examen m\u00e9dico antes de embarcarnos en el programa?<\/h3>\n<p>Cada miembro de la pareja debe someterse a diferentes ex\u00e1menes m\u00e9dicos. A ambos se les realizan pruebas de VIH, s\u00edfilis y hepatitis tanto B como C. Al marido se le realiza una prueba de recuento esperm\u00e1tico, y a la mujer ultrasonograf\u00eda vaginal, grupo sangu\u00edneo, factor Rhesus, citolog\u00eda vaginal y anal\u00edtica general de la sangre.<\/p>\n<h3>\u00bfDeber\u00e9 enfrentarme a alg\u00fan problema legal si emprendo un tratamiento de maternidad subrogada en Ucrania?<\/h3>\n<p>En Ucrania la maternidad subrogada no est\u00e1 sujeta a ninguna restricci\u00f3n legal siempre y cuando la pareja est\u00e9 casada. Desde la misma concepci\u00f3n del beb\u00e9 los padres de intenci\u00f3n ser\u00e1n considerados como los padres legales del ni\u00f1o. En cualquier caso, existen algunos documentos de formalizaci\u00f3n del consentimiento y gastos que deben abonarse durante el tiempo que dura el tratamiento de maternidad subrogada.<\/p>\n","protected":false},"excerpt":{"rendered":"<p>Preguntas Frecuentes La p\u00e1gina de Preguntas Frecuentes est\u00e1 a su disposici\u00f3n para resolver dudas y preguntas relacionadas con nuestros tratamientos \u00bfC\u00f3mo es una gestante en Ucrania? Una madre subrogada en Ucrania est\u00e1 entre los 25 y los 35 a\u00f1os, y debe tener al menos un hijo propio sano. La gestante debe someterse a todo tipo [&hellip;]<\/p>\n","protected":false},"author":1,"featured_media":0,"parent":0,"menu_order":0,"comment_status":"open","ping_status":"open","template":"","meta":{"footnotes":""},"class_list":["post-3204","page","type-page","status-publish","hentry"],"_links":{"self":[{"href":"https:\/\/www.newlifeukraine.com\/es\/wp-json\/wp\/v2\/pages\/3204","targetHints":{"allow":["GET"]}}],"collection":[{"href":"https:\/\/www.newlifeukraine.com\/es\/wp-json\/wp\/v2\/pages"}],"about":[{"href":"https:\/\/www.newlifeukraine.com\/es\/wp-json\/wp\/v2\/types\/page"}],"author":[{"embeddable":true,"href":"https:\/\/www.newlifeukraine.com\/es\/wp-json\/wp\/v2\/users\/1"}],"replies":[{"embeddable":true,"href":"https:\/\/www.newlifeukraine.com\/es\/wp-json\/wp\/v2\/comments?post=3204"}],"version-history":[{"count":10,"href":"https:\/\/www.newlifeukraine.com\/es\/wp-json\/wp\/v2\/pages\/3204\/revisions"}],"predecessor-version":[{"id":30299,"href":"https:\/\/www.newlifeukraine.com\/es\/wp-json\/wp\/v2\/pages\/3204\/revisions\/30299"}],"wp:attachment":[{"href":"https:\/\/www.newlifeukraine.com\/es\/wp-json\/wp\/v2\/media?parent=3204"}],"curies":[{"name":"wp","href":"https:\/\/api.w.org\/{rel}","templated":true}]}}