{"id":3202,"date":"2014-12-26T11:53:30","date_gmt":"2014-12-26T11:53:30","guid":{"rendered":"http:\/\/techntrends.com\/ukraine\/?page_id=3202"},"modified":"2024-07-16T13:00:05","modified_gmt":"2024-07-16T13:00:05","slug":"tasa-de-exito","status":"publish","type":"page","link":"https:\/\/www.newlifeukraine.com\/es\/tasa-de-exito\/","title":{"rendered":"Tasa de \u00e9xito"},"content":{"rendered":"<h2 class=\"margin-top-xl animated lightSpeedIn\" data-effect=\"lightSpeedIn\" style=\"opacity: 1;\">Tasa de \u00e9xito<\/h2>\n<div class=\"row\">\n<div class=\"col-md-7\">\nLa tasa de \u00e9xito es una de las primeras cosas que los padres de intenci\u00f3n miran cuando deciden embarcarse en un tratamiento de fecundaci\u00f3n in vitro o maternidad subrogada. Desde el mismo momento en que usted decide embarcarse en un tratamiento de fecundaci\u00f3n in vitro usted necesitar tener la certeza de que cuenta con la mayor probabilidad posible de que una nueva vida entre a formar parte de su familia. Por eso en New Life siempre nos aseguramos de trabajar con las mejores cl\u00ednicas.<\/p>\n<p>Las tasas de \u00e9xito en las cl\u00ednicas de fecundaci\u00f3n in vitro se consiguen y mantienen gracias a contar con la tecnolog\u00eda m\u00e1s moderna y los m\u00e9dicos mejor cualificados. Para nosotros es fundamental el control de calidad y continuamente estamos mejorando nuestros m\u00e9todos de fecundaci\u00f3n in vitro. Sin lugar a dudas las cl\u00ednicas con las que trabajamos cumplen todos los criterios mencionados. <\/p>\n<p>Nos enorgullecemos de nuestros altos \u00edndices de \u00e9xito, 50-60%de tasa de \u00e9xito cuando los padres contratan programas de gestaci\u00f3n subrogada y donaci\u00f3n de \u00f3vulos con nosotros. Estamos tan seguros de la efectividad de nuestros programas que no dudamos en ofrecer paquetes garantizados a precios muy competitivos. Usted sabe que con esta opci\u00f3n no habr\u00e1 sorpresas y que pase lo que pase saldr\u00e1 de nuestra cl\u00ednica con un beb\u00e9 en sus brazos.\n    <\/p><\/div>\n<div class=\"col-md-5 margin-bottom-sm\">\n        <img decoding=\"async\" src=\"\/wp-content\/uploads\/2017\/03\/In-Vitro-Fertilization.jpg\" alt=\"Ukraine IVF Success Rate\" class=\"img-fluid\" \/>\n    <\/div>\n<\/div>\n<p>Cuando los \u00f3vulos utilizados son los de la madre de intenci\u00f3n el \u00edndice de \u00e9xito puede ser un poco m\u00e1s bajo. Esto es as\u00ed porque el resultado depende del estado de salud de la madre, de su edad, reserva ov\u00e1rica y muchos otros factores. Nosotros por nuestra parte haremos siempre todo lo posible por que el embarazo resulte en un beb\u00e9 vinculado gen\u00e9ticamente tanto a la madre como al padre de intenci\u00f3n, pero si despu\u00e9s de varios intentos no conseguimos nuestro objetivo le aconsejaremos que opten por una donante de \u00f3vulos. Todas nuestras sugerencias ir\u00e1n encaminadas hacia un \u00fanico objetivo: tener un beb\u00e9 en sus brazos.<\/p>\n<p>Perm\u00edtannos comentarle que nuestros \u00edndices de \u00e9xito son similares en transferencias en fresco y con embriones congelados.<\/p>\n","protected":false},"excerpt":{"rendered":"<p>Tasa de \u00e9xito La tasa de \u00e9xito es una de las primeras cosas que los padres de intenci\u00f3n miran cuando deciden embarcarse en un tratamiento de fecundaci\u00f3n in vitro o maternidad subrogada. Desde el mismo momento en que usted decide embarcarse en un tratamiento de fecundaci\u00f3n in vitro usted necesitar tener la certeza de que [&hellip;]<\/p>\n","protected":false},"author":1,"featured_media":0,"parent":0,"menu_order":0,"comment_status":"open","ping_status":"closed","template":"","meta":{"footnotes":""},"class_list":["post-3202","page","type-page","status-publish","hentry"],"_links":{"self":[{"href":"https:\/\/www.newlifeukraine.com\/es\/wp-json\/wp\/v2\/pages\/3202","targetHints":{"allow":["GET"]}}],"collection":[{"href":"https:\/\/www.newlifeukraine.com\/es\/wp-json\/wp\/v2\/pages"}],"about":[{"href":"https:\/\/www.newlifeukraine.com\/es\/wp-json\/wp\/v2\/types\/page"}],"author":[{"embeddable":true,"href":"https:\/\/www.newlifeukraine.com\/es\/wp-json\/wp\/v2\/users\/1"}],"replies":[{"embeddable":true,"href":"https:\/\/www.newlifeukraine.com\/es\/wp-json\/wp\/v2\/comments?post=3202"}],"version-history":[{"count":18,"href":"https:\/\/www.newlifeukraine.com\/es\/wp-json\/wp\/v2\/pages\/3202\/revisions"}],"predecessor-version":[{"id":31010,"href":"https:\/\/www.newlifeukraine.com\/es\/wp-json\/wp\/v2\/pages\/3202\/revisions\/31010"}],"wp:attachment":[{"href":"https:\/\/www.newlifeukraine.com\/es\/wp-json\/wp\/v2\/media?parent=3202"}],"curies":[{"name":"wp","href":"https:\/\/api.w.org\/{rel}","templated":true}]}}