{"id":3200,"date":"2014-12-26T11:49:54","date_gmt":"2014-12-26T11:49:54","guid":{"rendered":"http:\/\/techntrends.com\/ukraine\/?page_id=3200"},"modified":"2024-07-16T13:10:25","modified_gmt":"2024-07-16T13:10:25","slug":"seleccion-de-sexo","status":"publish","type":"page","link":"https:\/\/www.newlifeukraine.com\/es\/seleccion-de-sexo\/","title":{"rendered":"Selecci\u00f3n de sexo"},"content":{"rendered":"<h2 class=\"margin-top-xl animated lightSpeedIn\" data-effect=\"lightSpeedIn\" style=\"opacity: 1;\">Selecci\u00f3n de sexo<\/h2>\n<div class=\"row\">\n<div class=\"col-md-7\">\nUcrania es uno de los pocos pa\u00edses donde es legal realizar el Diagn\u00f3stico Gen\u00e9tico Preimplantacional (PGD), por sus siglas en ingl\u00e9s) para seleccionar el sexo del beb\u00e9. Esta es una gran ventaja para los padres de intenci\u00f3n, y es una de las razones por las cuales Ucrania es un destino cada vez m\u00e1s popular para realizar tratamientos de fertilizaci\u00f3n in vitro. Existen diferentes motivos por los que los padres de intenci\u00f3n podr\u00edan querer optar a esta t\u00e9cnica. La m\u00e1s com\u00fan es el equilibrio familiar. Por ejemplo, padres que ya tengan un ni\u00f1o y quieran una ni\u00f1a, y viceversa. Otra raz\u00f3n bastante com\u00fan es para evitar trastornos asociados a un sexo en particular. La hemofilia, p\u00f3ngase por caso, viene determinada por un defecto gen\u00e9tico en el cromosoma X. <\/p>\n<p>La disponibilidad del PGD conlleva que los padres de intenci\u00f3n puedan evitar el trauma que supone la terminaci\u00f3n de un embarazo, o el tener hijos con problemas graves de salud. <\/p>\n<p>Los padres que desean someterse a un tratamiento de fecundaci\u00f3n in vitro con PGD incluido suelen preguntarnos cu\u00e1l es la tasa de viabilidad de los embriones sometidos a PGD. De acuerdo con nuestras estad\u00edsticas, los embriones sometidos a PGD tienen las mismas oportunidades de salir adelante que aquellos que han sido concebidos a trav\u00e9s de inyecci\u00f3n intracitoplasm\u00e1tica de esperma sin diagn\u00f3stico gen\u00e9tico preimplantacional.\n    <\/p><\/div>\n<div class=\"col-md-5 margin-bottom-sm\">\n        <img decoding=\"async\" src=\"\/wp-content\/uploads\/2017\/03\/Ukraine8.jpg\" alt=\"Ukraine Gender Selection\" class=\"img-fluid\" \/>\n    <\/div>\n<\/div>\n<p> Los padres tienen primero una consulta con el m\u00e9dico para ver que potencial existe para un tratamiento de fecundaci\u00f3n in vitro con PGD. Tras la valoraci\u00f3n del m\u00e9dico se lleva a cabo el procedimiento.<\/p>\n<p>En lo que respecta a la selecci\u00f3n de sexo a trav\u00e9s de PGD, las habilidades del m\u00e9dico son muy importantes, pero lo fundamental para que el programa sea exitoso es el equipamiento del laboratorio. Las cl\u00ednicas con las que trabajamos est\u00e1n dotadas de la m\u00e1s moderna tecnolog\u00eda. Esta, junto a nuestros m\u00e9dicos altamente cualificados, resulta en unos altos \u00edndices de \u00e9xito en nuestros embriones tratados con PGD.<\/p>\n","protected":false},"excerpt":{"rendered":"<p>Selecci\u00f3n de sexo Ucrania es uno de los pocos pa\u00edses donde es legal realizar el Diagn\u00f3stico Gen\u00e9tico Preimplantacional (PGD), por sus siglas en ingl\u00e9s) para seleccionar el sexo del beb\u00e9. Esta es una gran ventaja para los padres de intenci\u00f3n, y es una de las razones por las cuales Ucrania es un destino cada vez [&hellip;]<\/p>\n","protected":false},"author":1,"featured_media":0,"parent":0,"menu_order":0,"comment_status":"open","ping_status":"closed","template":"","meta":{"footnotes":""},"class_list":["post-3200","page","type-page","status-publish","hentry"],"_links":{"self":[{"href":"https:\/\/www.newlifeukraine.com\/es\/wp-json\/wp\/v2\/pages\/3200","targetHints":{"allow":["GET"]}}],"collection":[{"href":"https:\/\/www.newlifeukraine.com\/es\/wp-json\/wp\/v2\/pages"}],"about":[{"href":"https:\/\/www.newlifeukraine.com\/es\/wp-json\/wp\/v2\/types\/page"}],"author":[{"embeddable":true,"href":"https:\/\/www.newlifeukraine.com\/es\/wp-json\/wp\/v2\/users\/1"}],"replies":[{"embeddable":true,"href":"https:\/\/www.newlifeukraine.com\/es\/wp-json\/wp\/v2\/comments?post=3200"}],"version-history":[{"count":14,"href":"https:\/\/www.newlifeukraine.com\/es\/wp-json\/wp\/v2\/pages\/3200\/revisions"}],"predecessor-version":[{"id":31025,"href":"https:\/\/www.newlifeukraine.com\/es\/wp-json\/wp\/v2\/pages\/3200\/revisions\/31025"}],"wp:attachment":[{"href":"https:\/\/www.newlifeukraine.com\/es\/wp-json\/wp\/v2\/media?parent=3200"}],"curies":[{"name":"wp","href":"https:\/\/api.w.org\/{rel}","templated":true}]}}