{"id":3196,"date":"2014-12-26T11:45:29","date_gmt":"2014-12-26T11:45:29","guid":{"rendered":"http:\/\/techntrends.com\/ukraine\/?page_id=3196"},"modified":"2024-07-16T13:08:14","modified_gmt":"2024-07-16T13:08:14","slug":"maternidad-subrogada","status":"publish","type":"page","link":"https:\/\/www.newlifeukraine.com\/es\/maternidad-subrogada\/","title":{"rendered":"Maternidad subrogada en Ucrania"},"content":{"rendered":"<h2 class=\"margin-top-xl animated lightSpeedIn\" data-effect=\"lightSpeedIn\" style=\"opacity: 1;\">Gesti\u00f3n de la gestaci\u00f3n subrogada<\/h2>\n<div class=\"row\">\n<div class=\"col-md-7\">\n<p>Tras a\u00f1os de duro trabajo, New Life Ucrania se ha ganado el ser un punto de referencia en el campo de la maternidad subrogada por su transparencia, honestidad y por estar siempre a la altura de las expectativas de los padres de intenci\u00f3n. Siempre estamos a su lado, teniendo muy presente cu\u00e1n delicada es la decisi\u00f3n de embarcarse en un tratamiento de maternidad subrogada y el reto que representa tanto a nivel emocional como financiero. Tenemos esto muy presente en todo momento y estamos ah\u00ed a cada paso del tratamiento.<br \/>\nAlgo que nos distingue es el extremo cuidado que ponemos a la hora de escoger a nuestras gestantes. Y no s\u00f3lo desde el punto de vista m\u00e9dico, tambi\u00e9n emocional. Tan importante es para nosotros que su salud y disposici\u00f3n f\u00edsica sean \u00f3ptimas como que est\u00e9n preparadas a nivel psicol\u00f3gico para lo que supone una decisi\u00f3n tan importante. Nos aseguramos siempre de que sean plenamente conscientes de sus responsabilidades, y estamos con ellas a cada paso gui\u00e1ndolas en lo referente a sus derechos y obligaciones.<\/p>\n<p>Realizamos un seguimiento exhaustivo del embarazo, asegur\u00e1ndonos de que las citas m\u00e9dicas tengan lugar el d\u00eda y a la hora programadas,\n    <\/p><\/div>\n<div class=\"col-md-5 margin-bottom-sm\">\n        <img decoding=\"async\" src=\"\/wp-content\/uploads\/2017\/03\/Surrogacy-managment-.jpg\" alt=\"Ukraine Surrogacy\" class=\"img-fluid\" \/>\n    <\/div>\n<\/div>\n<p>y les pasamos a los padres de intenci\u00f3n continuos informes con los resultados de esas citas, as\u00ed como con informaci\u00f3n sobre el estado emocional de la gestante. En todo momento tratamos de que el embarazo se desarrolle de forma pl\u00e1cida y tranquila para todos. <\/p>\n<p>Adem\u00e1s de contar con excepcionales \u00edndices de \u00e9xito, algo que por supuesto es fundamental a la hora de escoger la agencia o cl\u00ednica que ha de realizar el tratamiento, nos enorgullece la calidad de nuestra atenci\u00f3n al cliente. New Life Ucrania es parte de la Red Global de New Life, que se ha ganado su reputaci\u00f3n gracias a su honestidad, dedicaci\u00f3n y a los cuidados que dispensamos tanto a los padres de intenci\u00f3n como a las gestantes y las donantes de \u00f3vulos. Para nosotros es fundamental establecer una comunicaci\u00f3n efectiva con los padres, y que estos sientan que estamos a su lado en todo momento. En primer lugar, los padres tienen a su disposici\u00f3n a una persona responsable de seguimiento que les gu\u00eda y proporciona toda la informaci\u00f3n necesaria, les ayuda con la elecci\u00f3n de la donante de \u00f3vulos si es que esto es necesario, y prepara los contratos. Una vez firmados estos, la persona de contacto pasa a ser el coordinador m\u00e9dico que llevar\u00e1 el programa y que asistir\u00e1 a la pareja con la asignaci\u00f3n de la gestante y que realizar\u00e1 la fecundaci\u00f3n in vitro.  Esta ser\u00e1 la persona de contacto hasta que se confirme el embarazo. En este momento, el tratamiento pasa a estar a cargo de una coordinadora de cuidados prenatales. Esta se encarga de los cuidados a la gestante y de mantener puntualmente informados a los padres de intenci\u00f3n. Aunque nuestra responsabilidad contractual termina con el nacimiento del beb\u00e9, tenemos a una persona designada para que les acompa\u00f1e a la maternidad una vez nazca el beb\u00e9, y para que les ayude con la recopilaci\u00f3n de los papeles necesarios para la obtenci\u00f3n del certificado de nacimiento. En definitiva, se trata de la persona encargada de ayudarles a realizar todos los tr\u00e1mites necesarios para registrar al beb\u00e9 en su consulado de forma f\u00e1cil y efectiva.<\/p>\n<p>Para nosotros ser\u00e1 un privilegio asistirle en su viaje a la gestaci\u00f3n subrogada. Hacemos todo lo posile porque este viaje sea tranquilo, sin contratiempos y, lo m\u00e1s importante, culmine con un beb\u00e9 en sus brazos. <\/p>\n<p>&nbsp;<\/p>\n<h3>Gestaci\u00f3n subrogada en Ucrania<\/h3>\n<div class=\"text-justify\">\nEn Ucrania s\u00f3lo la maternidad subrogada gestacional es legal. Esto significa que la gestante no puede estar vinculada geneticamente al beb\u00e9, y que los embriones deben ser concebidos a partir de los \u00f3vulos de la madre de intenci\u00f3n (o la donante de \u00f3vulos) y el esperma del padre. Los embriones son entonces transferidos a la madre subrogada para que esta lleve el embarazo a t\u00e9rmino. Hay diversas razones por las que los padres de intenci\u00f3n necesitan la ayuda de una gestante. Algunas mujeres nacen sin \u00fatero, otras tienen que someterse a una histerectom\u00eda por distintas razones, otras no pueden quedar embarazadas debido a su edad, y otras han estado bajo tratamientos m\u00e9dicos incompatibles con gestar un beb\u00e9. No importa cu\u00e1l de estas sea la raz\u00f3n por la que usted nos necesita, aqu\u00ed estamos para ayudarle.\n<\/div>\n<p>&nbsp;<\/p>\n<h3>Programas disponibles <\/h3>\n<ul>\n<li>Fertilizaci\u00f3n in vitro \/ Inyecci\u00f3n intracitoplasm\u00e1tica de espermatozoides (ICSI)<\/li>\n<li>Donaci\u00f3n de \u00f3vulos<\/li>\n<li>Fertilizaci\u00f3n in vitro con donaci\u00f3n de \u00f3vulos<\/li>\n<li>Gestaci\u00f3n subrogada con \u00f3vulos de la madre de intenci\u00f3n<\/li>\n<li>Gestaci\u00f3n subrogada con \u00f3vulos donados<\/li>\n<li>Gestaci\u00f3n subrogada para pacientes con VIH<\/li>\n<li>Diagn\u00f3stico Gen\u00e9tico Preimplantacional (PGD) para selecci\u00f3n de sexo<\/li>\n<\/ul>\n","protected":false},"excerpt":{"rendered":"<p>Gesti\u00f3n de la gestaci\u00f3n subrogada Tras a\u00f1os de duro trabajo, New Life Ucrania se ha ganado el ser un punto de referencia en el campo de la maternidad subrogada por su transparencia, honestidad y por estar siempre a la altura de las expectativas de los padres de intenci\u00f3n. Siempre estamos a su lado, teniendo muy [&hellip;]<\/p>\n","protected":false},"author":1,"featured_media":0,"parent":0,"menu_order":0,"comment_status":"open","ping_status":"open","template":"","meta":{"footnotes":""},"class_list":["post-3196","page","type-page","status-publish","hentry"],"_links":{"self":[{"href":"https:\/\/www.newlifeukraine.com\/es\/wp-json\/wp\/v2\/pages\/3196","targetHints":{"allow":["GET"]}}],"collection":[{"href":"https:\/\/www.newlifeukraine.com\/es\/wp-json\/wp\/v2\/pages"}],"about":[{"href":"https:\/\/www.newlifeukraine.com\/es\/wp-json\/wp\/v2\/types\/page"}],"author":[{"embeddable":true,"href":"https:\/\/www.newlifeukraine.com\/es\/wp-json\/wp\/v2\/users\/1"}],"replies":[{"embeddable":true,"href":"https:\/\/www.newlifeukraine.com\/es\/wp-json\/wp\/v2\/comments?post=3196"}],"version-history":[{"count":21,"href":"https:\/\/www.newlifeukraine.com\/es\/wp-json\/wp\/v2\/pages\/3196\/revisions"}],"predecessor-version":[{"id":31022,"href":"https:\/\/www.newlifeukraine.com\/es\/wp-json\/wp\/v2\/pages\/3196\/revisions\/31022"}],"wp:attachment":[{"href":"https:\/\/www.newlifeukraine.com\/es\/wp-json\/wp\/v2\/media?parent=3196"}],"curies":[{"name":"wp","href":"https:\/\/api.w.org\/{rel}","templated":true}]}}