{"id":29,"date":"2014-12-17T09:42:37","date_gmt":"2014-12-17T09:42:37","guid":{"rendered":"http:\/\/techntrends.com\/ukraine\/?page_id=29"},"modified":"2024-07-16T13:15:13","modified_gmt":"2024-07-16T13:15:13","slug":"legislacion","status":"publish","type":"page","link":"https:\/\/www.newlifeukraine.com\/es\/legislacion\/","title":{"rendered":"LEGISLACI\u00d3N"},"content":{"rendered":"<h2 class=\"margin-top-xl animated lightSpeedIn\" data-effect=\"lightSpeedIn\" style=\"opacity: 1;\">Legislaci\u00f3n<\/h2>\n<p>Seg\u00fan el Art\u00edculo 123.2 del C\u00f3digo de Familia de Ucrania, \u201csi un embri\u00f3n humano concebido por una pareja como resultado de la aplicaci\u00f3n de tecnolog\u00edas de reproducci\u00f3n asistida es transferido al cuerpo de otra mujer, los padres del beb\u00e9 ser\u00e1n el hombre y mujer que forman la pareja mencionada anteriormente\u201d.<\/p>\n<p>Se trata de una pr\u00e1ctica permitda por el C\u00f3digo de Familia y por la Orden N771 del Ministerio de Slud de Ucrania. Indicaciones:<\/p>\n<ul>\n<li>Ausencia de \u00fatero (ya sea de nacimiento o por extirpaci\u00f3n)<\/li>\n<li>Deformaci\u00f3n del cuello o la cavidad del \u00fatero, haciendo inviables el embarazo y el parto<\/li>\n<li>Tttt<\/li>\n<li>Enfermedades cr\u00f3nicas graves que hagan el embarazo inviable<\/li>\n<li>M\u00faltiples intentos fallidos de implantaci\u00f3n relacionados con problemas en el endometrio<\/li>\n<li>La gestante debe tener entre 20 y 35 a\u00f1os, y debe estar sana tanto f\u00edsica como mentalmente. Debe tener al menos un hijo propio.<\/li>\n<\/ul>\n<div class=\"row\">\n<div class=\"col-md-8\">\n4. Orden del Ministerio de Justicia de Ucrania n 52\/5, de 18.1.2000 \u201cSobre la aprobaci\u00f3n para registrar actoas de tipo civil en Ucrania\u201d, cl\u00e1usula 2 &#8211; Registro al nacer.<br \/>\n2.2. El registro del nacimiento de un beb\u00e9 por parte de la mujer (donante) se realiza de acuerdo con la aplicaci\u00f3n de la pareja que sio su consentimiento para su inseminaci\u00f3n. En este caso, junto al certificado de nacimiento, se adjunta tambi\u00e9n un consentimiento escrito por parte de la mujer (donante) y certificado por un abogado.  En este documento la mujer (donante) da su consentimiento para que sea la pareja la que figure como padre y madre del beb\u00e9. En este caso, en la columna \u201cPara notas\u201d se incluye la siguiente inscripci\u00f3n: la madre del ni\u00f1o de acuerdo con el certificado m\u00e9dico respecto al nacimiento, form n 103\/o-<br \/>\nUcrania es uno delos pocos pa\u00edses europeos donde la maternidad subrogada es legal y est\u00e1 perfectamente regulada. No proh\u00edbe o limita la remuneraci\u00f3n a la gestante y no requiere procedimientos legales para obtener una sentencia judicial. No es necesario que usted adopte a su propio hijo.<br \/>\nLa familia receptora crea embriones utilizando sus propios \u00f3vulos\n<\/div>\n<div class=\"col-md-4\">\n<img decoding=\"async\" src=\"\/wp-content\/uploads\/2017\/03\/Legislation-.jpg\" alt=\"Ukraine IVF Legislation\" class=\"img-fluid\" \/>\n<\/div>\n<\/div>\n","protected":false},"excerpt":{"rendered":"<p>Legislaci\u00f3n Seg\u00fan el Art\u00edculo 123.2 del C\u00f3digo de Familia de Ucrania, \u201csi un embri\u00f3n humano concebido por una pareja como resultado de la aplicaci\u00f3n de tecnolog\u00edas de reproducci\u00f3n asistida es transferido al cuerpo de otra mujer, los padres del beb\u00e9 ser\u00e1n el hombre y mujer que forman la pareja mencionada anteriormente\u201d. Se trata de una [&hellip;]<\/p>\n","protected":false},"author":1,"featured_media":0,"parent":0,"menu_order":0,"comment_status":"open","ping_status":"open","template":"","meta":{"footnotes":""},"class_list":["post-29","page","type-page","status-publish","hentry"],"_links":{"self":[{"href":"https:\/\/www.newlifeukraine.com\/es\/wp-json\/wp\/v2\/pages\/29","targetHints":{"allow":["GET"]}}],"collection":[{"href":"https:\/\/www.newlifeukraine.com\/es\/wp-json\/wp\/v2\/pages"}],"about":[{"href":"https:\/\/www.newlifeukraine.com\/es\/wp-json\/wp\/v2\/types\/page"}],"author":[{"embeddable":true,"href":"https:\/\/www.newlifeukraine.com\/es\/wp-json\/wp\/v2\/users\/1"}],"replies":[{"embeddable":true,"href":"https:\/\/www.newlifeukraine.com\/es\/wp-json\/wp\/v2\/comments?post=29"}],"version-history":[{"count":12,"href":"https:\/\/www.newlifeukraine.com\/es\/wp-json\/wp\/v2\/pages\/29\/revisions"}],"predecessor-version":[{"id":31030,"href":"https:\/\/www.newlifeukraine.com\/es\/wp-json\/wp\/v2\/pages\/29\/revisions\/31030"}],"wp:attachment":[{"href":"https:\/\/www.newlifeukraine.com\/es\/wp-json\/wp\/v2\/media?parent=29"}],"curies":[{"name":"wp","href":"https:\/\/api.w.org\/{rel}","templated":true}]}}