{"id":27,"date":"2014-12-17T09:41:55","date_gmt":"2014-12-17T09:41:55","guid":{"rendered":"http:\/\/techntrends.com\/ukraine\/?page_id=27"},"modified":"2024-07-16T13:12:08","modified_gmt":"2024-07-16T13:12:08","slug":"ventajas-de-escoger-ucrania","status":"publish","type":"page","link":"https:\/\/www.newlifeukraine.com\/es\/ventajas-de-escoger-ucrania\/","title":{"rendered":"Ventajas de escoger Ucrania"},"content":{"rendered":"<h2 class=\"margin-top-xl animated lightSpeedIn\" data-effect=\"lightSpeedIn\" style=\"opacity: 1;\">Ventajas de escoger Ucrania<\/h2>\n<div class=\"row\">\n<div class=\"col-md-7\">\nUcrania es un destino excepcional para la maternidad subrogada. La ley ucraniana reconoce como \u00fanicos padres legales al padre y a la madre de intenci\u00f3n, y son sus nombres los que figuran en el certificado de nacimiento. Esto permite simplificar el tr\u00e1mite de registro del beb\u00e9 en su correspondiente consulado, y permite que los padres puedan volver a casa con su beb\u00e9 en un menor plazo de tiempo.<\/p>\n<p>Ucrania ofrece adem\u00e1s otras ventajas en comparaci\u00f3n con otros destinos donde la maternidad subrogada es legal. Gracias a nuestros elevados est\u00e1ndares m\u00e9dicos los riesgos son \u00ednfimos, los \u00edndices de \u00e9xito muy altos y el coste m\u00ednimo.<\/p>\n<p>Nuestras instalaciones y nuestro equipo m\u00e9dico nos permiten ofrecerles a nuestros pacientes paquetes garantizados a precios muy asequibles y en \u00f3ptimas condiciones de comodidad.<\/p>\n<p>En Ucrania contamos con una amplia variedad de donantes de \u00f3vulos.\n<\/p><\/div>\n<div class=\"col-md-5\">\n<img decoding=\"async\" src=\"\/wp-content\/uploads\/2017\/03\/Ukraine-Advantages.jpg\" alt=\"Ukraine IVF Advantages\" class=\"img-fluid\" \/>\n<\/div>\n<\/div>\n<p>No importa si usted busca una donante rubia de ojos azules, o morena con ojos oscuros: en nuestra base de datos se dan todo tipo de combinaciones para que nuestros pacientes puedan encontrar una donante cuya apariencia sea la deseada. Se trata sin duda de un lujo ya que, al no tener que traer una donante extranjera, los costes no se ven afectados por la elecci\u00f3n de la donante.<\/p>\n<p>Otra ventaja a tener en cuenta es la ubicaci\u00f3n de Ucrania. Aunque no es miembro de la Uni\u00f3n Europea todav\u00eda, el nivel de vida y los est\u00e1ndares m\u00e9dicos son muy similares a los europeos. Adem\u00e1s, se trata de un destino seguro en el que nuestros padres de intenci\u00f3n siempre se han sentido muy a gusto. Es de f\u00e1cil acceso desde todas las capitales europeas y ciudades principales de Estados Unidos, y pr\u00e1cticamente todas las principales aerol\u00edneas tienen vuelos a Kiev.<\/p>\n","protected":false},"excerpt":{"rendered":"<p>Ventajas de escoger Ucrania Ucrania es un destino excepcional para la maternidad subrogada. La ley ucraniana reconoce como \u00fanicos padres legales al padre y a la madre de intenci\u00f3n, y son sus nombres los que figuran en el certificado de nacimiento. Esto permite simplificar el tr\u00e1mite de registro del beb\u00e9 en su correspondiente consulado, y [&hellip;]<\/p>\n","protected":false},"author":1,"featured_media":0,"parent":0,"menu_order":0,"comment_status":"closed","ping_status":"closed","template":"","meta":{"footnotes":""},"class_list":["post-27","page","type-page","status-publish","hentry"],"_links":{"self":[{"href":"https:\/\/www.newlifeukraine.com\/es\/wp-json\/wp\/v2\/pages\/27","targetHints":{"allow":["GET"]}}],"collection":[{"href":"https:\/\/www.newlifeukraine.com\/es\/wp-json\/wp\/v2\/pages"}],"about":[{"href":"https:\/\/www.newlifeukraine.com\/es\/wp-json\/wp\/v2\/types\/page"}],"author":[{"embeddable":true,"href":"https:\/\/www.newlifeukraine.com\/es\/wp-json\/wp\/v2\/users\/1"}],"replies":[{"embeddable":true,"href":"https:\/\/www.newlifeukraine.com\/es\/wp-json\/wp\/v2\/comments?post=27"}],"version-history":[{"count":21,"href":"https:\/\/www.newlifeukraine.com\/es\/wp-json\/wp\/v2\/pages\/27\/revisions"}],"predecessor-version":[{"id":31027,"href":"https:\/\/www.newlifeukraine.com\/es\/wp-json\/wp\/v2\/pages\/27\/revisions\/31027"}],"wp:attachment":[{"href":"https:\/\/www.newlifeukraine.com\/es\/wp-json\/wp\/v2\/media?parent=27"}],"curies":[{"name":"wp","href":"https:\/\/api.w.org\/{rel}","templated":true}]}}